{"id":666,"date":"2023-12-16T21:45:58","date_gmt":"2023-12-16T20:45:58","guid":{"rendered":"https:\/\/nantes-plongee.com\/?page_id=666"},"modified":"2026-01-04T10:04:33","modified_gmt":"2026-01-04T09:04:33","slug":"planning-stages-2","status":"publish","type":"page","link":"https:\/\/nantes-plongee.com\/index.php\/planning-stages-2\/","title":{"rendered":"Planning stages"},"content":{"rendered":"\n<p>En partenariat avec le centre de plong\u00e9e Opens Sarl &#8211; Du cot\u00e9 de Roussay, nous sommes en mesure de vous proposer leur planning de stage.<\/p>\n\n\n\n<p>Qu&rsquo;est-ce que \u00e7a change? La participation \u00e0 l&rsquo;un des stages disponibles sur le calendrier ci-dessous vous permet de b\u00e9n\u00e9ficier d&rsquo;une remise de 10% sur nos tarifs.<\/p>\n\n\n\n<figure class=\"wp-block-image size-full\"><img loading=\"lazy\" decoding=\"async\" width=\"1497\" height=\"1058\" src=\"https:\/\/nantes-plongee.com\/wp-content\/uploads\/2026\/01\/Calendrier-2026-pdf.jpg\" alt=\"\" class=\"wp-image-722\"\/><\/figure>\n","protected":false},"excerpt":{"rendered":"<p>En partenariat avec le centre de plong\u00e9e Opens Sarl &#8211; Du cot\u00e9 de Roussay, nous sommes en mesure de vous proposer leur planning de stage. Qu&rsquo;est-ce que \u00e7a change? La participation \u00e0 l&rsquo;un des stages disponibles sur le calendrier ci-dessous vous permet de b\u00e9n\u00e9ficier d&rsquo;une remise de 10% sur nos tarifs.<\/p>\n","protected":false},"author":1,"featured_media":0,"parent":0,"menu_order":0,"comment_status":"closed","ping_status":"closed","template":"","meta":{"footnotes":""},"class_list":["post-666","page","type-page","status-publish","hentry"],"_links":{"self":[{"href":"https:\/\/nantes-plongee.com\/index.php\/wp-json\/wp\/v2\/pages\/666","targetHints":{"allow":["GET"]}}],"collection":[{"href":"https:\/\/nantes-plongee.com\/index.php\/wp-json\/wp\/v2\/pages"}],"about":[{"href":"https:\/\/nantes-plongee.com\/index.php\/wp-json\/wp\/v2\/types\/page"}],"author":[{"embeddable":true,"href":"https:\/\/nantes-plongee.com\/index.php\/wp-json\/wp\/v2\/users\/1"}],"replies":[{"embeddable":true,"href":"https:\/\/nantes-plongee.com\/index.php\/wp-json\/wp\/v2\/comments?post=666"}],"version-history":[{"count":3,"href":"https:\/\/nantes-plongee.com\/index.php\/wp-json\/wp\/v2\/pages\/666\/revisions"}],"predecessor-version":[{"id":723,"href":"https:\/\/nantes-plongee.com\/index.php\/wp-json\/wp\/v2\/pages\/666\/revisions\/723"}],"wp:attachment":[{"href":"https:\/\/nantes-plongee.com\/index.php\/wp-json\/wp\/v2\/media?parent=666"}],"curies":[{"name":"wp","href":"https:\/\/api.w.org\/{rel}","templated":true}]}}