{"id":54,"date":"2022-09-09T11:06:15","date_gmt":"2022-09-09T09:06:15","guid":{"rendered":"http:\/\/dev.wpcoder.com\/dan\/wordpress\/?page_id=2"},"modified":"2022-09-09T11:06:15","modified_gmt":"2022-09-09T09:06:15","slug":"quid","status":"publish","type":"page","link":"https:\/\/nantes-plongee.com\/index.php\/quid\/","title":{"rendered":"Qui suis-je"},"content":{"rendered":"<p><img loading=\"lazy\" decoding=\"async\" class=\"wp-image-656 alignleft\" src=\"https:\/\/nantes-plongee.com\/wp-content\/uploads\/2022\/09\/82180982_3462032423838832_1914243898507526144_n-300x200.jpg\" alt=\"\" width=\"216\" height=\"144\" srcset=\"https:\/\/nantes-plongee.com\/wp-content\/uploads\/2022\/09\/82180982_3462032423838832_1914243898507526144_n-300x200.jpg 300w, https:\/\/nantes-plongee.com\/wp-content\/uploads\/2022\/09\/82180982_3462032423838832_1914243898507526144_n-1024x683.jpg 1024w, https:\/\/nantes-plongee.com\/wp-content\/uploads\/2022\/09\/82180982_3462032423838832_1914243898507526144_n-768x512.jpg 768w, https:\/\/nantes-plongee.com\/wp-content\/uploads\/2022\/09\/82180982_3462032423838832_1914243898507526144_n-1536x1024.jpg 1536w, https:\/\/nantes-plongee.com\/wp-content\/uploads\/2022\/09\/82180982_3462032423838832_1914243898507526144_n-660x440.jpg 660w, https:\/\/nantes-plongee.com\/wp-content\/uploads\/2022\/09\/82180982_3462032423838832_1914243898507526144_n.jpg 2048w\" sizes=\"auto, (max-width: 216px) 100vw, 216px\" \/>Mon parcours dans le monde\u00a0de la plong\u00e9e a d\u00e9marr\u00e9 en 1998. Monitrice d&rsquo;\u00e9tat depuis 2004 \u00e0 Cavalaire sur mer pendant 4 saisons puis \u00e0 Roussay depuis fin 2007. Actuellement aux commandes de NANTES PLONGEE \u00a0je conserve ce m\u00eame d\u00e9sir intact, celui de vous accompagner et de vous faire d\u00e9couvrir le bonheur de plonger.<\/p>\n<p style=\"text-align: right;\">Monitrice BEES 1 et MF1 FFESSM &#8211; CMAS **<br \/>\nInstructeur PADI OWSI actif<br \/>\nInstructeur Nitrox &#8211; EAN<br \/>\nAnteor -Efri PADI<\/p>\n<p style=\"text-align: right;\">\n","protected":false},"excerpt":{"rendered":"<p>Mon parcours dans le monde\u00a0de la plong\u00e9e a d\u00e9marr\u00e9 en 1998. Monitrice d&rsquo;\u00e9tat depuis 2004 \u00e0 Cavalaire sur mer pendant 4 saisons puis \u00e0 Roussay depuis fin 2007. Actuellement aux commandes de NANTES PLONGEE \u00a0je conserve ce m\u00eame d\u00e9sir intact, celui de vous accompagner et de vous faire d\u00e9couvrir le bonheur de plonger. Monitrice BEES\u2026 <span class=\"read-more\"><a href=\"https:\/\/nantes-plongee.com\/index.php\/quid\/\">Read More &raquo;<\/a><\/span><\/p>\n","protected":false},"author":1,"featured_media":0,"parent":0,"menu_order":3,"comment_status":"closed","ping_status":"open","template":"","meta":{"footnotes":""},"class_list":["post-54","page","type-page","status-publish","hentry"],"_links":{"self":[{"href":"https:\/\/nantes-plongee.com\/index.php\/wp-json\/wp\/v2\/pages\/54","targetHints":{"allow":["GET"]}}],"collection":[{"href":"https:\/\/nantes-plongee.com\/index.php\/wp-json\/wp\/v2\/pages"}],"about":[{"href":"https:\/\/nantes-plongee.com\/index.php\/wp-json\/wp\/v2\/types\/page"}],"author":[{"embeddable":true,"href":"https:\/\/nantes-plongee.com\/index.php\/wp-json\/wp\/v2\/users\/1"}],"replies":[{"embeddable":true,"href":"https:\/\/nantes-plongee.com\/index.php\/wp-json\/wp\/v2\/comments?post=54"}],"version-history":[{"count":7,"href":"https:\/\/nantes-plongee.com\/index.php\/wp-json\/wp\/v2\/pages\/54\/revisions"}],"predecessor-version":[{"id":657,"href":"https:\/\/nantes-plongee.com\/index.php\/wp-json\/wp\/v2\/pages\/54\/revisions\/657"}],"wp:attachment":[{"href":"https:\/\/nantes-plongee.com\/index.php\/wp-json\/wp\/v2\/media?parent=54"}],"curies":[{"name":"wp","href":"https:\/\/api.w.org\/{rel}","templated":true}]}}