{"id":359,"date":"2022-09-09T10:43:40","date_gmt":"2022-09-09T08:43:40","guid":{"rendered":"http:\/\/127.0.0.1:4001\/wordpress\/?page_id=359"},"modified":"2022-09-09T10:43:40","modified_gmt":"2022-09-09T08:43:40","slug":"formation-vetement-sec","status":"publish","type":"page","link":"https:\/\/nantes-plongee.com\/index.php\/formations\/formation-vetement-sec\/","title":{"rendered":"Formation v\u00eatement sec"},"content":{"rendered":"<p><a href=\"http:\/\/127.0.0.1:4001\/wordpress\/wp-content\/uploads\/2016\/11\/combi.jpg\"><img loading=\"lazy\" decoding=\"async\" class=\"size-full wp-image-520 alignleft\" src=\"https:\/\/nantes-plongee.com\/wp-content\/uploads\/2016\/11\/combi.jpg\" alt=\"\" width=\"293\" height=\"172\" \/><\/a>Vous souhaitez en finir avec le froid et profiter plus longuement de vos plong\u00e9es?<br \/>\nLa combinaison \u00e9tanche est faite pour vous! Vous utilisez une combinaison herm\u00e9tique qui vous permet de vous habillez chaudement \u00e0 l\u2019int\u00e9rieur (polaire, lycra, chaussettes). La dur\u00e9e de vos plong\u00e9e augmente sans sensation de refroidissement, vous augmentez la s\u00e9curit\u00e9 de vos plong\u00e9es et surtout vous plongez toute l\u2019ann\u00e9e quelque soit la temp\u00e9rature.<\/p>\n<p>Le principal objectif du cours est la ma\u00eetrise dans toutes les situations d\u2019un volume d\u2019air suppl\u00e9mentaire.<\/p>\n<p><span style=\"text-decoration: underline;\">Conditions d\u2019acc\u00e8s :<\/span><\/p>\n<p>La formation est accessible d\u00e8s le niveau 1 et indispensable pour tous les plongeurs qui souhaitent pratiquer leur passion toute l&rsquo;ann\u00e9e<\/p>\n<p style=\"text-align: left;\"><span style=\"color: #3366ff;\">Tarif : 170\u20ac<\/span><br \/>\n<span style=\"text-decoration: underline;\">Prestation incluant :<\/span><br \/>\n1 s\u00e9ance th\u00e9orique et 3 plong\u00e9es, la fourniture de tout l&rsquo;\u00e9quipement.<\/p>\n<p style=\"text-align: left;\"><form method=\"post\" id=\"cntctfrm_contact_form\" class=\"cntctfrm_contact_form cntctfrm_one_column cntctfrm_ltr cntctfrm_width_default\" action=\"\/index.php\/wp-json\/wp\/v2\/pages\/359#cntctfrm_contact_form\" enctype=\"multipart\/form-data\"><div id=\"cntctfrm_first_column\" class=\"cntctfrm_column\"><div class=\"cntctfrm_field_wrap cntctfrm_field_name_wrap\"namecontact><div class=\"cntctfrm_label cntctfrm_label_name\">\n\t\t\t\t\t\t\t\t\t<label for=\"cntctfrm_contact_name\">Nom: <span class=\"required\">*<\/span><\/label><\/div><div class=\"cntctfrm_input cntctfrm_input_name\">\n\t\t\t\t\t\t\t\t\t<input namecontact class=\"text\" type=\"text\" size=\"40\" pattern=\"^([\\p{L}\\p{M}]{2,}(\\s)*(\\p{L}+\\p{M}*-*){1,})|([\\p{L}\\p{M}]{3,})\" title=\"Veuillez saisir uniquement des lettres d'au moins 3 caract\u00e8res, les mots \u00e9tant s\u00e9par\u00e9s par des espaces\" value=\"\" name=\"cntctfrm_contact_name\" id=\"cntctfrm_contact_name\" \/><\/div><\/div><div class=\"cntctfrm_field_wrap cntctfrm_field_email_wrap\"email><div class=\"cntctfrm_label cntctfrm_label_email\">\n\t\t\t\t\t\t\t\t\t<label for=\"cntctfrm_contact_email\">Adresse e-mail: <span class=\"required\">*<\/span><\/label>\n\t\t\t\t\t\t\t\t<\/div><div class=\"cntctfrm_input cntctfrm_input_email\">\n\t\t\t\t\t\t\t\t\t<input email class=\"text\" type=\"email\" size=\"40\" value=\"\" name=\"cntctfrm_contact_email\" id=\"cntctfrm_contact_email\" \/><\/div><\/div><div class=\"cntctfrm_field_wrap cntctfrm_field_phone_wrap\"><div class=\"cntctfrm_label cntctfrm_label_phone\">\n\t\t\t\t\t\t\t\t\t\t<label for=\"cntctfrm_contact_phone\">T\u00e9l\u00e9phone:<\/label>\n\t\t\t\t\t\t\t\t\t<\/div><div class=\"cntctfrm_input cntctfrm_input_phone\">\n\t\t\t\t\t\t\t\t\t<input class=\"text\" type=\"text\" size=\"40\" value=\"\" pattern=\"[0-9]{6,}\" title=\"Veuillez saisir uniquement des chiffres d'au moins 6 caract\u00e8res\" name=\"cntctfrm_contact_phone\" id=\"cntctfrm_contact_phone\" \/><\/div><\/div><div class=\"cntctfrm_field_wrap cntctfrm_field_subject_wrap\"subject><div class=\"cntctfrm_label cntctfrm_label_subject\">\n\t\t\t\t\t\t\t\t\t<label for=\"cntctfrm_contact_subject\">Sujet: <span class=\"required\">*<\/span><\/label>\n\t\t\t\t\t\t\t\t<\/div><div class=\"cntctfrm_input cntctfrm_input_subject\">\n\t\t\t\t\t\t\t\t<input subject pattern=\"^([\\p{M}\\p{L}]{1,}(\\s\\p{M}*\\p{L}+-*)*){3,}\" title=\"Veuillez saisir uniquement des lettres d'au moins 3 caract\u00e8res, les mots \u00e9tant s\u00e9par\u00e9s par des espaces\" class=\"text\" type=\"text\" size=\"40\" value=\"\" name=\"cntctfrm_contact_subject\" id=\"cntctfrm_contact_subject\" \/><\/div><\/div><div class=\"cntctfrm_field_wrap cntctfrm_field_message_wrap\"message><div class=\"cntctfrm_label cntctfrm_label_message\">\n\t\t\t\t\t\t\t\t<label for=\"cntctfrm_contact_message\">Message: <span class=\"required\">*<\/span><\/label>\n\t\t\t\t\t\t\t<\/div><div class=\"cntctfrm_input cntctfrm_input_message\">\n\t\t\t\t\t\t\t\t<textarea message rows=\"5\" cols=\"30\"name=\"cntctfrm_contact_message\" id=\"cntctfrm_contact_message\"><\/textarea><\/div><\/div><div class=\"cntctfrm_field_wrap cntctfrm_field_attachment_wrap\"><div class=\"cntctfrm_label cntctfrm_label_attachment\">\n\t\t\t\t\t\t\t\t\t\t<label for=\"cntctfrm_contact_attachment\">Pi\u00e8ce jointe:<\/label>\n\t\t\t\t\t\t\t\t\t<\/div><div class=\"cntctfrm_input cntctfrm_input_attachment\"> \n\t\t\t\t\t\t\t\t\t\t<input type=\"file\" name=\"cntctfrm_contact_attachment\" id=\"cntctfrm_contact_attachment\" \/><\/div><\/div><\/div><div class=\"clear\"><\/div><div class=\"cntctfrm_submit_wrap\"><div id=\"cntctfrm_submit_first_column\" class=\"cntctfrm_column\"><div class=\"cntctfrm_input cntctfrm_input_submit\"><input type=\"hidden\" value=\"send\" name=\"cntctfrm_contact_action\">\n\t\t\t\t\t\t\t<input type=\"hidden\" value=\"default\" name=\"cntctfrm_language\">\n\t\t\t\t\t\t\t<input type=\"hidden\" value=\"1\" name=\"cntctfrm_form_submited\">\n\t\t\t\t\t\t\t<input type=\"hidden\" value=\"cntctfrm_options\" name=\"cntctfrm_options_name\">\n\t\t\t\t\t\t\t<input type=\"submit\" value=\"Envoyer\" class=\"cntctfrm_contact_submit\" \/>\n\t\t\t\t\t\t<\/div><\/div><div id=\"cntctfrm_submit_second_column\" class=\"cntctfrm_column\"><\/div><div class=\"clear\"><\/div>\n\t\t\t<\/div>\n\t\t\t<\/form><\/p>\n","protected":false},"excerpt":{"rendered":"<p>Vous souhaitez en finir avec le froid et profiter plus longuement de vos plong\u00e9es? La combinaison \u00e9tanche est faite pour vous! Vous utilisez une combinaison herm\u00e9tique qui vous permet de vous habillez chaudement \u00e0 l\u2019int\u00e9rieur (polaire, lycra, chaussettes). La dur\u00e9e de vos plong\u00e9e augmente sans sensation de refroidissement, vous augmentez la s\u00e9curit\u00e9 de vos plong\u00e9es\u2026 <span class=\"read-more\"><a href=\"https:\/\/nantes-plongee.com\/index.php\/formations\/formation-vetement-sec\/\">Read More &raquo;<\/a><\/span><\/p>\n","protected":false},"author":1,"featured_media":0,"parent":26,"menu_order":11,"comment_status":"closed","ping_status":"closed","template":"","meta":{"footnotes":""},"class_list":["post-359","page","type-page","status-publish","hentry"],"_links":{"self":[{"href":"https:\/\/nantes-plongee.com\/index.php\/wp-json\/wp\/v2\/pages\/359","targetHints":{"allow":["GET"]}}],"collection":[{"href":"https:\/\/nantes-plongee.com\/index.php\/wp-json\/wp\/v2\/pages"}],"about":[{"href":"https:\/\/nantes-plongee.com\/index.php\/wp-json\/wp\/v2\/types\/page"}],"author":[{"embeddable":true,"href":"https:\/\/nantes-plongee.com\/index.php\/wp-json\/wp\/v2\/users\/1"}],"replies":[{"embeddable":true,"href":"https:\/\/nantes-plongee.com\/index.php\/wp-json\/wp\/v2\/comments?post=359"}],"version-history":[{"count":3,"href":"https:\/\/nantes-plongee.com\/index.php\/wp-json\/wp\/v2\/pages\/359\/revisions"}],"predecessor-version":[{"id":646,"href":"https:\/\/nantes-plongee.com\/index.php\/wp-json\/wp\/v2\/pages\/359\/revisions\/646"}],"up":[{"embeddable":true,"href":"https:\/\/nantes-plongee.com\/index.php\/wp-json\/wp\/v2\/pages\/26"}],"wp:attachment":[{"href":"https:\/\/nantes-plongee.com\/index.php\/wp-json\/wp\/v2\/media?parent=359"}],"curies":[{"name":"wp","href":"https:\/\/api.w.org\/{rel}","templated":true}]}}