{"id":26,"date":"2022-09-09T10:18:40","date_gmt":"2022-09-09T08:18:40","guid":{"rendered":"http:\/\/dev.danphilibin.com\/wordpress\/?page_id=43"},"modified":"2024-02-13T17:42:06","modified_gmt":"2024-02-13T16:42:06","slug":"formations","status":"publish","type":"page","link":"https:\/\/nantes-plongee.com\/index.php\/formations\/","title":{"rendered":"Formations"},"content":{"rendered":"<p><img loading=\"lazy\" decoding=\"async\" class=\"size-full wp-image-442 alignleft\" src=\"https:\/\/nantes-plongee.com\/wp-content\/uploads\/2017\/08\/bassin1.jpg\" alt=\"\" width=\"160\" height=\"89\" \/>Initiation, d\u00e9couverte, formations, remise \u00e0 niveau avant de partir en voyage\u2026toutes vos plong\u00e9es seront encadr\u00e9es par un moniteur dipl\u00f4m\u00e9 d\u2019\u00e9tat. Les s\u00e9ances sont programm\u00e9es en fonction de vos disponibilit\u00e9s en semaine jusqu\u2019au samedi matin et se d\u00e9roulent en cours particuliers ou tout petit groupe de 2 \u00e0 3 personnes. <span style=\"color: #3366ff;\">Formations PADI<\/span> ou <span style=\"color: #3366ff;\">Ecole Fran\u00e7aise de Plong\u00e9e<\/span>, tous les d\u00e9tails de ces formations sont \u00e0 retrouver en d\u00e9roulant l\u2019onglet formation. Toutes les formations propos\u00e9es se d\u00e9roulent en milieu naturel \u00e0 proximit\u00e9 de Nantes\u00a0et ce d\u00e8s le Niveau 1.<\/p>\n<p>Des s\u00e9ances ludiques d&rsquo;initiation pour les plus jeunes\u00a0( moins de 12 ans)\u00a0peuvent se programmer sur la p\u00e9riode estivale.<\/p>\n<p>Vous souhaitez plus d&rsquo;informations, n&rsquo;h\u00e9sitez pas \u00e0 utiliser le formulaire<\/p>\n<p>ou bien composez le : 06 31 59 34 95<\/p>\n<form method=\"post\" id=\"cntctfrm_contact_form\" class=\"cntctfrm_contact_form cntctfrm_one_column cntctfrm_ltr cntctfrm_width_default\" action=\"\/index.php\/wp-json\/wp\/v2\/pages\/26#cntctfrm_contact_form\" enctype=\"multipart\/form-data\"><div id=\"cntctfrm_first_column\" class=\"cntctfrm_column\"><div class=\"cntctfrm_field_wrap cntctfrm_field_name_wrap\"namecontact><div class=\"cntctfrm_label cntctfrm_label_name\">\n\t\t\t\t\t\t\t\t\t<label for=\"cntctfrm_contact_name\">Nom: <span class=\"required\">*<\/span><\/label><\/div><div class=\"cntctfrm_input cntctfrm_input_name\">\n\t\t\t\t\t\t\t\t\t<input namecontact class=\"text\" type=\"text\" size=\"40\" pattern=\"^([\\p{L}\\p{M}]{2,}(\\s)*(\\p{L}+\\p{M}*-*){1,})|([\\p{L}\\p{M}]{3,})\" title=\"Veuillez saisir uniquement des lettres d'au moins 3 caract\u00e8res, les mots \u00e9tant s\u00e9par\u00e9s par des espaces\" value=\"\" name=\"cntctfrm_contact_name\" id=\"cntctfrm_contact_name\" \/><\/div><\/div><div class=\"cntctfrm_field_wrap cntctfrm_field_email_wrap\"email><div class=\"cntctfrm_label cntctfrm_label_email\">\n\t\t\t\t\t\t\t\t\t<label for=\"cntctfrm_contact_email\">Adresse e-mail: <span class=\"required\">*<\/span><\/label>\n\t\t\t\t\t\t\t\t<\/div><div class=\"cntctfrm_input cntctfrm_input_email\">\n\t\t\t\t\t\t\t\t\t<input email class=\"text\" type=\"email\" size=\"40\" value=\"\" name=\"cntctfrm_contact_email\" id=\"cntctfrm_contact_email\" \/><\/div><\/div><div class=\"cntctfrm_field_wrap cntctfrm_field_phone_wrap\"><div class=\"cntctfrm_label cntctfrm_label_phone\">\n\t\t\t\t\t\t\t\t\t\t<label for=\"cntctfrm_contact_phone\">T\u00e9l\u00e9phone:<\/label>\n\t\t\t\t\t\t\t\t\t<\/div><div class=\"cntctfrm_input cntctfrm_input_phone\">\n\t\t\t\t\t\t\t\t\t<input class=\"text\" type=\"text\" size=\"40\" value=\"\" pattern=\"[0-9]{6,}\" title=\"Veuillez saisir uniquement des chiffres d'au moins 6 caract\u00e8res\" name=\"cntctfrm_contact_phone\" id=\"cntctfrm_contact_phone\" \/><\/div><\/div><div class=\"cntctfrm_field_wrap cntctfrm_field_subject_wrap\"subject><div class=\"cntctfrm_label cntctfrm_label_subject\">\n\t\t\t\t\t\t\t\t\t<label for=\"cntctfrm_contact_subject\">Sujet: <span class=\"required\">*<\/span><\/label>\n\t\t\t\t\t\t\t\t<\/div><div class=\"cntctfrm_input cntctfrm_input_subject\">\n\t\t\t\t\t\t\t\t<input subject pattern=\"^([\\p{M}\\p{L}]{1,}(\\s\\p{M}*\\p{L}+-*)*){3,}\" title=\"Veuillez saisir uniquement des lettres d'au moins 3 caract\u00e8res, les mots \u00e9tant s\u00e9par\u00e9s par des espaces\" class=\"text\" type=\"text\" size=\"40\" value=\"\" name=\"cntctfrm_contact_subject\" id=\"cntctfrm_contact_subject\" \/><\/div><\/div><div class=\"cntctfrm_field_wrap cntctfrm_field_message_wrap\"message><div class=\"cntctfrm_label cntctfrm_label_message\">\n\t\t\t\t\t\t\t\t<label for=\"cntctfrm_contact_message\">Message: <span class=\"required\">*<\/span><\/label>\n\t\t\t\t\t\t\t<\/div><div class=\"cntctfrm_input cntctfrm_input_message\">\n\t\t\t\t\t\t\t\t<textarea message rows=\"5\" cols=\"30\"name=\"cntctfrm_contact_message\" id=\"cntctfrm_contact_message\"><\/textarea><\/div><\/div><div class=\"cntctfrm_field_wrap cntctfrm_field_attachment_wrap\"><div class=\"cntctfrm_label cntctfrm_label_attachment\">\n\t\t\t\t\t\t\t\t\t\t<label for=\"cntctfrm_contact_attachment\">Pi\u00e8ce jointe:<\/label>\n\t\t\t\t\t\t\t\t\t<\/div><div class=\"cntctfrm_input cntctfrm_input_attachment\"> \n\t\t\t\t\t\t\t\t\t\t<input type=\"file\" name=\"cntctfrm_contact_attachment\" id=\"cntctfrm_contact_attachment\" \/><\/div><\/div><\/div><div class=\"clear\"><\/div><div class=\"cntctfrm_submit_wrap\"><div id=\"cntctfrm_submit_first_column\" class=\"cntctfrm_column\"><div class=\"cntctfrm_input cntctfrm_input_submit\"><input type=\"hidden\" value=\"send\" name=\"cntctfrm_contact_action\">\n\t\t\t\t\t\t\t<input type=\"hidden\" value=\"default\" name=\"cntctfrm_language\">\n\t\t\t\t\t\t\t<input type=\"hidden\" value=\"1\" name=\"cntctfrm_form_submited\">\n\t\t\t\t\t\t\t<input type=\"hidden\" value=\"cntctfrm_options\" name=\"cntctfrm_options_name\">\n\t\t\t\t\t\t\t<input type=\"submit\" value=\"Envoyer\" class=\"cntctfrm_contact_submit\" \/>\n\t\t\t\t\t\t<\/div><\/div><div id=\"cntctfrm_submit_second_column\" class=\"cntctfrm_column\"><\/div><div class=\"clear\"><\/div>\n\t\t\t<\/div>\n\t\t\t<\/form>\n","protected":false},"excerpt":{"rendered":"<p>Initiation, d\u00e9couverte, formations, remise \u00e0 niveau avant de partir en voyage\u2026toutes vos plong\u00e9es seront encadr\u00e9es par un moniteur dipl\u00f4m\u00e9 d\u2019\u00e9tat. Les s\u00e9ances sont programm\u00e9es en fonction de vos disponibilit\u00e9s en semaine jusqu\u2019au samedi matin et se d\u00e9roulent en cours particuliers ou tout petit groupe de 2 \u00e0 3 personnes. Formations PADI ou Ecole Fran\u00e7aise de\u2026 <span class=\"read-more\"><a href=\"https:\/\/nantes-plongee.com\/index.php\/formations\/\">Read More &raquo;<\/a><\/span><\/p>\n","protected":false},"author":1,"featured_media":442,"parent":0,"menu_order":0,"comment_status":"closed","ping_status":"closed","template":"","meta":{"footnotes":""},"class_list":["post-26","page","type-page","status-publish","has-post-thumbnail","hentry"],"_links":{"self":[{"href":"https:\/\/nantes-plongee.com\/index.php\/wp-json\/wp\/v2\/pages\/26","targetHints":{"allow":["GET"]}}],"collection":[{"href":"https:\/\/nantes-plongee.com\/index.php\/wp-json\/wp\/v2\/pages"}],"about":[{"href":"https:\/\/nantes-plongee.com\/index.php\/wp-json\/wp\/v2\/types\/page"}],"author":[{"embeddable":true,"href":"https:\/\/nantes-plongee.com\/index.php\/wp-json\/wp\/v2\/users\/1"}],"replies":[{"embeddable":true,"href":"https:\/\/nantes-plongee.com\/index.php\/wp-json\/wp\/v2\/comments?post=26"}],"version-history":[{"count":5,"href":"https:\/\/nantes-plongee.com\/index.php\/wp-json\/wp\/v2\/pages\/26\/revisions"}],"predecessor-version":[{"id":683,"href":"https:\/\/nantes-plongee.com\/index.php\/wp-json\/wp\/v2\/pages\/26\/revisions\/683"}],"wp:featuredmedia":[{"embeddable":true,"href":"https:\/\/nantes-plongee.com\/index.php\/wp-json\/wp\/v2\/media\/442"}],"wp:attachment":[{"href":"https:\/\/nantes-plongee.com\/index.php\/wp-json\/wp\/v2\/media?parent=26"}],"curies":[{"name":"wp","href":"https:\/\/api.w.org\/{rel}","templated":true}]}}