{"id":211,"date":"2022-09-09T10:41:33","date_gmt":"2022-09-09T08:41:33","guid":{"rendered":"http:\/\/127.0.0.1:4001\/wordpress\/?page_id=211"},"modified":"2026-01-04T10:03:28","modified_gmt":"2026-01-04T09:03:28","slug":"remise-a-niveau","status":"publish","type":"page","link":"https:\/\/nantes-plongee.com\/index.php\/formations\/remise-a-niveau\/","title":{"rendered":"Remise \u00e0 Niveau"},"content":{"rendered":"<p><img loading=\"lazy\" decoding=\"async\" class=\"alignnone size-full wp-image-501 alignleft\" src=\"https:\/\/nantes-plongee.com\/wp-content\/uploads\/2016\/11\/a.i.31.jpg\" alt=\"\" width=\"200\" height=\"150\" \/>Vous avez pass\u00e9 un niveau CMAS, FFESSM, ANMP, PADI ou autre&#8230; et vous souhaitez vous perfectionner avant de partir en vacances ou tout simplement\u00a0vous souhaitez vous remettre\u00a0\u00ab\u00a0dans le bain\u00a0\u00bb afin d&rsquo;am\u00e9liorer votre technique ou bien simplement r\u00e9viser vos acquis&#8230;et \u00e9galement\u00a0reprendre confiance.<\/p>\n<p>Encadr\u00e9 individuellement par un moniteur, cette demi-journ\u00e9e ( matin ou apr\u00e8s-midi) sera compos\u00e9e d&rsquo;\u00a0une s\u00e9ance th\u00e9orique en salle suivie d&rsquo;\u00a0une s\u00e9ance technique en milieu naturel incluant tout le mat\u00e9riel en pr\u00eat.<\/p>\n<p style=\"text-align: left;\">Les s\u00e9ances sont assur\u00e9s sur rendez-vous, se munir d&rsquo;un certificat m\u00e9dical de\u00a0moins de 6 mois ainsi que de votre carte de niveau.<\/p>\n<p><span style=\"color: #3366ff;\">Tarif : 80\u20ac<\/span><\/p>\n<form method=\"post\" id=\"cntctfrm_contact_form\" class=\"cntctfrm_contact_form cntctfrm_one_column cntctfrm_ltr cntctfrm_width_default\" action=\"\/index.php\/wp-json\/wp\/v2\/pages\/211#cntctfrm_contact_form\" enctype=\"multipart\/form-data\"><div id=\"cntctfrm_first_column\" class=\"cntctfrm_column\"><div class=\"cntctfrm_field_wrap cntctfrm_field_name_wrap\"namecontact><div class=\"cntctfrm_label cntctfrm_label_name\">\n\t\t\t\t\t\t\t\t\t<label for=\"cntctfrm_contact_name\">Nom: <span class=\"required\">*<\/span><\/label><\/div><div class=\"cntctfrm_input cntctfrm_input_name\">\n\t\t\t\t\t\t\t\t\t<input namecontact class=\"text\" type=\"text\" size=\"40\" pattern=\"^([\\p{L}\\p{M}]{2,}(\\s)*(\\p{L}+\\p{M}*-*){1,})|([\\p{L}\\p{M}]{3,})\" title=\"Veuillez saisir uniquement des lettres d'au moins 3 caract\u00e8res, les mots \u00e9tant s\u00e9par\u00e9s par des espaces\" value=\"\" name=\"cntctfrm_contact_name\" id=\"cntctfrm_contact_name\" \/><\/div><\/div><div class=\"cntctfrm_field_wrap cntctfrm_field_email_wrap\"email><div class=\"cntctfrm_label cntctfrm_label_email\">\n\t\t\t\t\t\t\t\t\t<label for=\"cntctfrm_contact_email\">Adresse e-mail: <span class=\"required\">*<\/span><\/label>\n\t\t\t\t\t\t\t\t<\/div><div class=\"cntctfrm_input cntctfrm_input_email\">\n\t\t\t\t\t\t\t\t\t<input email class=\"text\" type=\"email\" size=\"40\" value=\"\" name=\"cntctfrm_contact_email\" id=\"cntctfrm_contact_email\" \/><\/div><\/div><div class=\"cntctfrm_field_wrap cntctfrm_field_phone_wrap\"><div class=\"cntctfrm_label cntctfrm_label_phone\">\n\t\t\t\t\t\t\t\t\t\t<label for=\"cntctfrm_contact_phone\">T\u00e9l\u00e9phone:<\/label>\n\t\t\t\t\t\t\t\t\t<\/div><div class=\"cntctfrm_input cntctfrm_input_phone\">\n\t\t\t\t\t\t\t\t\t<input class=\"text\" type=\"text\" size=\"40\" value=\"\" pattern=\"[0-9]{6,}\" title=\"Veuillez saisir uniquement des chiffres d'au moins 6 caract\u00e8res\" name=\"cntctfrm_contact_phone\" id=\"cntctfrm_contact_phone\" \/><\/div><\/div><div class=\"cntctfrm_field_wrap cntctfrm_field_subject_wrap\"subject><div class=\"cntctfrm_label cntctfrm_label_subject\">\n\t\t\t\t\t\t\t\t\t<label for=\"cntctfrm_contact_subject\">Sujet: <span class=\"required\">*<\/span><\/label>\n\t\t\t\t\t\t\t\t<\/div><div class=\"cntctfrm_input cntctfrm_input_subject\">\n\t\t\t\t\t\t\t\t<input subject pattern=\"^([\\p{M}\\p{L}]{1,}(\\s\\p{M}*\\p{L}+-*)*){3,}\" title=\"Veuillez saisir uniquement des lettres d'au moins 3 caract\u00e8res, les mots \u00e9tant s\u00e9par\u00e9s par des espaces\" class=\"text\" type=\"text\" size=\"40\" value=\"\" name=\"cntctfrm_contact_subject\" id=\"cntctfrm_contact_subject\" \/><\/div><\/div><div class=\"cntctfrm_field_wrap cntctfrm_field_message_wrap\"message><div class=\"cntctfrm_label cntctfrm_label_message\">\n\t\t\t\t\t\t\t\t<label for=\"cntctfrm_contact_message\">Message: <span class=\"required\">*<\/span><\/label>\n\t\t\t\t\t\t\t<\/div><div class=\"cntctfrm_input cntctfrm_input_message\">\n\t\t\t\t\t\t\t\t<textarea message rows=\"5\" cols=\"30\"name=\"cntctfrm_contact_message\" id=\"cntctfrm_contact_message\"><\/textarea><\/div><\/div><div class=\"cntctfrm_field_wrap cntctfrm_field_attachment_wrap\"><div class=\"cntctfrm_label cntctfrm_label_attachment\">\n\t\t\t\t\t\t\t\t\t\t<label for=\"cntctfrm_contact_attachment\">Pi\u00e8ce jointe:<\/label>\n\t\t\t\t\t\t\t\t\t<\/div><div class=\"cntctfrm_input cntctfrm_input_attachment\"> \n\t\t\t\t\t\t\t\t\t\t<input type=\"file\" name=\"cntctfrm_contact_attachment\" id=\"cntctfrm_contact_attachment\" \/><\/div><\/div><\/div><div class=\"clear\"><\/div><div class=\"cntctfrm_submit_wrap\"><div id=\"cntctfrm_submit_first_column\" class=\"cntctfrm_column\"><div class=\"cntctfrm_input cntctfrm_input_submit\"><input type=\"hidden\" value=\"send\" name=\"cntctfrm_contact_action\">\n\t\t\t\t\t\t\t<input type=\"hidden\" value=\"default\" name=\"cntctfrm_language\">\n\t\t\t\t\t\t\t<input type=\"hidden\" value=\"1\" name=\"cntctfrm_form_submited\">\n\t\t\t\t\t\t\t<input type=\"hidden\" value=\"cntctfrm_options\" name=\"cntctfrm_options_name\">\n\t\t\t\t\t\t\t<input type=\"submit\" value=\"Envoyer\" class=\"cntctfrm_contact_submit\" \/>\n\t\t\t\t\t\t<\/div><\/div><div id=\"cntctfrm_submit_second_column\" class=\"cntctfrm_column\"><\/div><div class=\"clear\"><\/div>\n\t\t\t<\/div>\n\t\t\t<\/form>\n","protected":false},"excerpt":{"rendered":"<p>Vous avez pass\u00e9 un niveau CMAS, FFESSM, ANMP, PADI ou autre&#8230; et vous souhaitez vous perfectionner avant de partir en vacances ou tout simplement\u00a0vous souhaitez vous remettre\u00a0\u00ab\u00a0dans le bain\u00a0\u00bb afin d&rsquo;am\u00e9liorer votre technique ou bien simplement r\u00e9viser vos acquis&#8230;et \u00e9galement\u00a0reprendre confiance. Encadr\u00e9 individuellement par un moniteur, cette demi-journ\u00e9e ( matin ou apr\u00e8s-midi) sera compos\u00e9e d&rsquo;\u00a0une\u2026 <span class=\"read-more\"><a href=\"https:\/\/nantes-plongee.com\/index.php\/formations\/remise-a-niveau\/\">Read More &raquo;<\/a><\/span><\/p>\n","protected":false},"author":1,"featured_media":0,"parent":26,"menu_order":6,"comment_status":"closed","ping_status":"closed","template":"","meta":{"footnotes":""},"class_list":["post-211","page","type-page","status-publish","hentry"],"_links":{"self":[{"href":"https:\/\/nantes-plongee.com\/index.php\/wp-json\/wp\/v2\/pages\/211","targetHints":{"allow":["GET"]}}],"collection":[{"href":"https:\/\/nantes-plongee.com\/index.php\/wp-json\/wp\/v2\/pages"}],"about":[{"href":"https:\/\/nantes-plongee.com\/index.php\/wp-json\/wp\/v2\/types\/page"}],"author":[{"embeddable":true,"href":"https:\/\/nantes-plongee.com\/index.php\/wp-json\/wp\/v2\/users\/1"}],"replies":[{"embeddable":true,"href":"https:\/\/nantes-plongee.com\/index.php\/wp-json\/wp\/v2\/comments?post=211"}],"version-history":[{"count":4,"href":"https:\/\/nantes-plongee.com\/index.php\/wp-json\/wp\/v2\/pages\/211\/revisions"}],"predecessor-version":[{"id":721,"href":"https:\/\/nantes-plongee.com\/index.php\/wp-json\/wp\/v2\/pages\/211\/revisions\/721"}],"up":[{"embeddable":true,"href":"https:\/\/nantes-plongee.com\/index.php\/wp-json\/wp\/v2\/pages\/26"}],"wp:attachment":[{"href":"https:\/\/nantes-plongee.com\/index.php\/wp-json\/wp\/v2\/media?parent=211"}],"curies":[{"name":"wp","href":"https:\/\/api.w.org\/{rel}","templated":true}]}}