{"id":13,"date":"2022-09-09T10:40:39","date_gmt":"2022-09-09T08:40:39","guid":{"rendered":"http:\/\/dev.danphilibin.com\/wordpress\/?page_id=30"},"modified":"2025-09-05T12:55:17","modified_gmt":"2025-09-05T10:55:17","slug":"advance","status":"publish","type":"page","link":"https:\/\/nantes-plongee.com\/index.php\/formations\/advance\/","title":{"rendered":"Advance Open water PADI"},"content":{"rendered":"<p><a href=\"http:\/\/127.0.0.1:4001\/wordpress\/wp-content\/uploads\/2012\/10\/logo-padi5b15d6.jpg\"><img loading=\"lazy\" decoding=\"async\" class=\"alignnone size-full wp-image-406 alignleft\" src=\"https:\/\/nantes-plongee.com\/wp-content\/uploads\/2017\/08\/logo-padi5b15d6.jpg\" alt=\"\" width=\"112\" height=\"149\" \/><\/a>Cours particuliers sur rendez-vous<\/p>\n<p>L\u2019advanced open water est une formation ludique, privil\u00e9giant la d\u00e9couverte de nouveaux types plong\u00e9es. Il vous permettra d\u2019acqu\u00e9rir de l\u2019exp\u00e9rience apr\u00e8s votre open water.<\/p>\n<p><span style=\"text-decoration: underline;\">Conditions:<\/span><br \/>\n\u2022Etre open water diver ou niveau \u00e9quivalent.<br \/>\n\u2022Un certificat m\u00e9dical de non contre indication \u00e0 la plong\u00e9e sous marine.<\/p>\n<p><span style=\"text-decoration: underline;\">Pr\u00e9rogatives:<\/span><br \/>\nA l\u2019\u00e9tranger, l\u2019advanced open water vous permet de plonger en autonomie en bin\u00f4me \u00e0 30 m\u00e8tres maximum.<\/p>\n<p>En France, sous condition de l\u2019obtention d\u2019un certificat de comp\u00e9tences\u00a0 par le directeur de plong\u00e9e, vous pourrez plonger en autonomie \u00e0 20 m\u00e8tres.<\/p>\n<p><span style=\"text-decoration: underline;\">D\u00e9roulement<br \/>\n<\/span>L\u2019advance se r\u00e9alise en 5 plong\u00e9es \u00e0 th\u00e8mes (adventure dive) dont 2 obligatoires : la plong\u00e9e profonde et la plong\u00e9e orientation.<br \/>\nPour les 3 autres plong\u00e9es, les th\u00e8mes propos\u00e9s sont les suivants :<br \/>\n&#8211; Plong\u00e9e ma\u00eetrise de la flottabilit\u00e9<br \/>\n&#8211; Plong\u00e9e de nuit<br \/>\n&#8211; V\u00eatement sec<br \/>\n&#8211; Plong\u00e9e sur \u00e9pave<br \/>\nLa partie th\u00e9orique se r\u00e9alise \u00e0 l\u2019aide d\u2019un manuel, il n\u2019y a pas de contr\u00f4le \u00e9crit final.<br \/>\nForfait incluant l&rsquo;ensemble des frais administratifs, le kit e-learning advance et le pr\u00eat de mat\u00e9riel de base.<\/p>\n<p style=\"text-align: right;\"><span style=\"color: #3366ff;\">Tarif : 540 \u20ac\u00a0<\/span><\/p>\n<p><span style=\"text-decoration: underline;\">Assurance :<\/span><span style=\"font-size: small;\"> La pratique de la plong\u00e9e sous marine, vous oblige \u00e0 \u00eatre assur\u00e9 en Responsabilit\u00e9 Civile. Vous \u00eates ainsi couvert si vous portez atteinte \u00e0 un tiers (un autre plongeur) pendant votre activit\u00e9 de plong\u00e9e. Vos contrats d&rsquo;assurance en France (habitation et auto) vous couvrent en RC, mais cette garantie ne s&rsquo;applique pas toujours pour la pratique de la plong\u00e9e. Renseignez-vous aupr\u00e8s de votre assureur.<\/span><\/p>\n<p><span style=\"text-decoration: underline;\">R\u00e8glement et inscription<\/span>:<span style=\"font-size: small;\"> L&rsquo;inscription \u00e0 la formation est valid\u00e9e \u00e0 la r\u00e9ception du r\u00e8glement et du certificat m\u00e9dical. Si annulation 15 jours avant les dates convenues, remboursement de 50% de la formation, si annulation \u00e0 moins de 15 jours, aucun remboursement.<\/span><\/p>\n<form method=\"post\" id=\"cntctfrm_contact_form\" class=\"cntctfrm_contact_form cntctfrm_one_column cntctfrm_ltr cntctfrm_width_default\" action=\"\/index.php\/wp-json\/wp\/v2\/pages\/13#cntctfrm_contact_form\" enctype=\"multipart\/form-data\"><div id=\"cntctfrm_first_column\" class=\"cntctfrm_column\"><div class=\"cntctfrm_field_wrap cntctfrm_field_name_wrap\"namecontact><div class=\"cntctfrm_label cntctfrm_label_name\">\n\t\t\t\t\t\t\t\t\t<label for=\"cntctfrm_contact_name\">Nom: <span class=\"required\">*<\/span><\/label><\/div><div class=\"cntctfrm_input cntctfrm_input_name\">\n\t\t\t\t\t\t\t\t\t<input namecontact class=\"text\" type=\"text\" size=\"40\" pattern=\"^([\\p{L}\\p{M}]{2,}(\\s)*(\\p{L}+\\p{M}*-*){1,})|([\\p{L}\\p{M}]{3,})\" title=\"Veuillez saisir uniquement des lettres d'au moins 3 caract\u00e8res, les mots \u00e9tant s\u00e9par\u00e9s par des espaces\" value=\"\" name=\"cntctfrm_contact_name\" id=\"cntctfrm_contact_name\" \/><\/div><\/div><div class=\"cntctfrm_field_wrap cntctfrm_field_email_wrap\"email><div class=\"cntctfrm_label cntctfrm_label_email\">\n\t\t\t\t\t\t\t\t\t<label for=\"cntctfrm_contact_email\">Adresse e-mail: <span class=\"required\">*<\/span><\/label>\n\t\t\t\t\t\t\t\t<\/div><div class=\"cntctfrm_input cntctfrm_input_email\">\n\t\t\t\t\t\t\t\t\t<input email class=\"text\" type=\"email\" size=\"40\" value=\"\" name=\"cntctfrm_contact_email\" id=\"cntctfrm_contact_email\" \/><\/div><\/div><div class=\"cntctfrm_field_wrap cntctfrm_field_phone_wrap\"><div class=\"cntctfrm_label cntctfrm_label_phone\">\n\t\t\t\t\t\t\t\t\t\t<label for=\"cntctfrm_contact_phone\">T\u00e9l\u00e9phone:<\/label>\n\t\t\t\t\t\t\t\t\t<\/div><div class=\"cntctfrm_input cntctfrm_input_phone\">\n\t\t\t\t\t\t\t\t\t<input class=\"text\" type=\"text\" size=\"40\" value=\"\" pattern=\"[0-9]{6,}\" title=\"Veuillez saisir uniquement des chiffres d'au moins 6 caract\u00e8res\" name=\"cntctfrm_contact_phone\" id=\"cntctfrm_contact_phone\" \/><\/div><\/div><div class=\"cntctfrm_field_wrap cntctfrm_field_subject_wrap\"subject><div class=\"cntctfrm_label cntctfrm_label_subject\">\n\t\t\t\t\t\t\t\t\t<label for=\"cntctfrm_contact_subject\">Sujet: <span class=\"required\">*<\/span><\/label>\n\t\t\t\t\t\t\t\t<\/div><div class=\"cntctfrm_input cntctfrm_input_subject\">\n\t\t\t\t\t\t\t\t<input subject pattern=\"^([\\p{M}\\p{L}]{1,}(\\s\\p{M}*\\p{L}+-*)*){3,}\" title=\"Veuillez saisir uniquement des lettres d'au moins 3 caract\u00e8res, les mots \u00e9tant s\u00e9par\u00e9s par des espaces\" class=\"text\" type=\"text\" size=\"40\" value=\"\" name=\"cntctfrm_contact_subject\" id=\"cntctfrm_contact_subject\" \/><\/div><\/div><div class=\"cntctfrm_field_wrap cntctfrm_field_message_wrap\"message><div class=\"cntctfrm_label cntctfrm_label_message\">\n\t\t\t\t\t\t\t\t<label for=\"cntctfrm_contact_message\">Message: <span class=\"required\">*<\/span><\/label>\n\t\t\t\t\t\t\t<\/div><div class=\"cntctfrm_input cntctfrm_input_message\">\n\t\t\t\t\t\t\t\t<textarea message rows=\"5\" cols=\"30\"name=\"cntctfrm_contact_message\" id=\"cntctfrm_contact_message\"><\/textarea><\/div><\/div><div class=\"cntctfrm_field_wrap cntctfrm_field_attachment_wrap\"><div class=\"cntctfrm_label cntctfrm_label_attachment\">\n\t\t\t\t\t\t\t\t\t\t<label for=\"cntctfrm_contact_attachment\">Pi\u00e8ce jointe:<\/label>\n\t\t\t\t\t\t\t\t\t<\/div><div class=\"cntctfrm_input cntctfrm_input_attachment\"> \n\t\t\t\t\t\t\t\t\t\t<input type=\"file\" name=\"cntctfrm_contact_attachment\" id=\"cntctfrm_contact_attachment\" \/><\/div><\/div><\/div><div class=\"clear\"><\/div><div class=\"cntctfrm_submit_wrap\"><div id=\"cntctfrm_submit_first_column\" class=\"cntctfrm_column\"><div class=\"cntctfrm_input cntctfrm_input_submit\"><input type=\"hidden\" value=\"send\" name=\"cntctfrm_contact_action\">\n\t\t\t\t\t\t\t<input type=\"hidden\" value=\"default\" name=\"cntctfrm_language\">\n\t\t\t\t\t\t\t<input type=\"hidden\" value=\"1\" name=\"cntctfrm_form_submited\">\n\t\t\t\t\t\t\t<input type=\"hidden\" value=\"cntctfrm_options\" name=\"cntctfrm_options_name\">\n\t\t\t\t\t\t\t<input type=\"submit\" value=\"Envoyer\" class=\"cntctfrm_contact_submit\" \/>\n\t\t\t\t\t\t<\/div><\/div><div id=\"cntctfrm_submit_second_column\" class=\"cntctfrm_column\"><\/div><div class=\"clear\"><\/div>\n\t\t\t<\/div>\n\t\t\t<\/form>\n<p><span style=\"font-family: Verdana; font-size: xx-small;\">\u00a0<\/span><\/p>\n","protected":false},"excerpt":{"rendered":"<p>Cours particuliers sur rendez-vous L\u2019advanced open water est une formation ludique, privil\u00e9giant la d\u00e9couverte de nouveaux types plong\u00e9es. Il vous permettra d\u2019acqu\u00e9rir de l\u2019exp\u00e9rience apr\u00e8s votre open water. Conditions: \u2022Etre open water diver ou niveau \u00e9quivalent. \u2022Un certificat m\u00e9dical de non contre indication \u00e0 la plong\u00e9e sous marine. Pr\u00e9rogatives: A l\u2019\u00e9tranger, l\u2019advanced open water vous\u2026 <span class=\"read-more\"><a href=\"https:\/\/nantes-plongee.com\/index.php\/formations\/advance\/\">Read More &raquo;<\/a><\/span><\/p>\n","protected":false},"author":1,"featured_media":0,"parent":26,"menu_order":5,"comment_status":"closed","ping_status":"closed","template":"","meta":{"footnotes":""},"class_list":["post-13","page","type-page","status-publish","hentry"],"_links":{"self":[{"href":"https:\/\/nantes-plongee.com\/index.php\/wp-json\/wp\/v2\/pages\/13","targetHints":{"allow":["GET"]}}],"collection":[{"href":"https:\/\/nantes-plongee.com\/index.php\/wp-json\/wp\/v2\/pages"}],"about":[{"href":"https:\/\/nantes-plongee.com\/index.php\/wp-json\/wp\/v2\/types\/page"}],"author":[{"embeddable":true,"href":"https:\/\/nantes-plongee.com\/index.php\/wp-json\/wp\/v2\/users\/1"}],"replies":[{"embeddable":true,"href":"https:\/\/nantes-plongee.com\/index.php\/wp-json\/wp\/v2\/comments?post=13"}],"version-history":[{"count":4,"href":"https:\/\/nantes-plongee.com\/index.php\/wp-json\/wp\/v2\/pages\/13\/revisions"}],"predecessor-version":[{"id":709,"href":"https:\/\/nantes-plongee.com\/index.php\/wp-json\/wp\/v2\/pages\/13\/revisions\/709"}],"up":[{"embeddable":true,"href":"https:\/\/nantes-plongee.com\/index.php\/wp-json\/wp\/v2\/pages\/26"}],"wp:attachment":[{"href":"https:\/\/nantes-plongee.com\/index.php\/wp-json\/wp\/v2\/media?parent=13"}],"curies":[{"name":"wp","href":"https:\/\/api.w.org\/{rel}","templated":true}]}}