{"id":126,"date":"2022-09-09T10:50:21","date_gmt":"2022-09-09T08:50:21","guid":{"rendered":"http:\/\/127.0.0.1:4001\/wordpress\/?page_id=126"},"modified":"2026-01-04T10:05:25","modified_gmt":"2026-01-04T09:05:25","slug":"tarifs","status":"publish","type":"page","link":"https:\/\/nantes-plongee.com\/index.php\/tarifs\/","title":{"rendered":"Tarifs"},"content":{"rendered":"<p><strong>Initiation<\/strong> &#8211; <strong>D\u00e9couverte<\/strong> : <span style=\"color: #3366ff;\">La demi-journ\u00e9e 80 euros<\/span><\/p>\n<p><strong>Niveau 1<\/strong> : <span style=\"color: #3366ff;\">490 euros<\/span><\/p>\n<p><strong>Open Water PADI <\/strong>: <span style=\"color: #3366ff;\">Milieu prot\u00e9g\u00e9 et th\u00e9orie : 490 euros + kit de formation : 160 euros<\/span><\/p>\n<p><strong>Niveau 2<\/strong> : 72<span style=\"color: #3366ff;\">0 euros<\/span><\/p>\n<p><strong>RIFAP<\/strong>\u00a0: <span style=\"color: #3366ff;\">\u00a0170 euros (secourisme en plong\u00e9e, obligatoire pour N3)<\/span><\/p>\n<p><strong>Niveau 3<\/strong> : 72<span style=\"color: #3366ff;\">0 euros<\/span><\/p>\n<p><strong>Niveau 4<\/strong>\u00a0: <span style=\"color: #3366ff;\">980 euros + frais examen<\/span><\/p>\n<p><strong>Advance open water PADI <\/strong>: 38<span style=\"color: #3366ff;\">0 euros + kit de formation : 160 euros<\/span><\/p>\n<p><strong>Formation Nitrox de base<\/strong> : <span style=\"color: #3366ff;\">160<\/span><span style=\"color: #3366ff;\"> euros<\/span><\/p>\n<p><strong>Formation Nitrox confirm\u00e9<\/strong>\u00a0: <span style=\"color: #3366ff;\">260<\/span><span style=\"color: #3366ff;\"> euros<\/span><\/p>\n<p><strong>Remise \u00e0 niveau , cours particulier<\/strong> :<span style=\"color: #3366ff;\"> 80 euros la plong\u00e9e technique<\/span><\/p>\n<p><strong>Formation V\u00eatement sec<\/strong> : <span style=\"color: #3366ff;\">Trois s\u00e9ances : 170 euros<\/span><\/p>\n","protected":false},"excerpt":{"rendered":"<p>Initiation &#8211; D\u00e9couverte : La demi-journ\u00e9e 80 euros Niveau 1 : 490 euros Open Water PADI : Milieu prot\u00e9g\u00e9 et th\u00e9orie : 490 euros + kit de formation : 160 euros Niveau 2 : 720 euros RIFAP\u00a0: \u00a0170 euros (secourisme en plong\u00e9e, obligatoire pour N3) Niveau 3 : 720 euros Niveau 4\u00a0: 980 euros +\u2026 <span class=\"read-more\"><a href=\"https:\/\/nantes-plongee.com\/index.php\/tarifs\/\">Read More &raquo;<\/a><\/span><\/p>\n","protected":false},"author":1,"featured_media":0,"parent":0,"menu_order":0,"comment_status":"closed","ping_status":"open","template":"","meta":{"footnotes":""},"class_list":["post-126","page","type-page","status-publish","hentry"],"_links":{"self":[{"href":"https:\/\/nantes-plongee.com\/index.php\/wp-json\/wp\/v2\/pages\/126","targetHints":{"allow":["GET"]}}],"collection":[{"href":"https:\/\/nantes-plongee.com\/index.php\/wp-json\/wp\/v2\/pages"}],"about":[{"href":"https:\/\/nantes-plongee.com\/index.php\/wp-json\/wp\/v2\/types\/page"}],"author":[{"embeddable":true,"href":"https:\/\/nantes-plongee.com\/index.php\/wp-json\/wp\/v2\/users\/1"}],"replies":[{"embeddable":true,"href":"https:\/\/nantes-plongee.com\/index.php\/wp-json\/wp\/v2\/comments?post=126"}],"version-history":[{"count":10,"href":"https:\/\/nantes-plongee.com\/index.php\/wp-json\/wp\/v2\/pages\/126\/revisions"}],"predecessor-version":[{"id":724,"href":"https:\/\/nantes-plongee.com\/index.php\/wp-json\/wp\/v2\/pages\/126\/revisions\/724"}],"wp:attachment":[{"href":"https:\/\/nantes-plongee.com\/index.php\/wp-json\/wp\/v2\/media?parent=126"}],"curies":[{"name":"wp","href":"https:\/\/api.w.org\/{rel}","templated":true}]}}