{"id":124,"date":"2022-09-09T10:25:26","date_gmt":"2022-09-09T08:25:26","guid":{"rendered":"http:\/\/127.0.0.1:4001\/wordpress\/?page_id=124"},"modified":"2026-01-04T10:01:43","modified_gmt":"2026-01-04T09:01:43","slug":"bapteme","status":"publish","type":"page","link":"https:\/\/nantes-plongee.com\/index.php\/formations\/bapteme\/","title":{"rendered":"Initiation &#8211; D\u00e9couverte"},"content":{"rendered":"<p><span style=\"color: #3366ff;\"><a href=\"http:\/\/127.0.0.1:4001\/wordpress\/wp-content\/uploads\/2016\/11\/bassin1.jpg\"><img loading=\"lazy\" decoding=\"async\" class=\"alignnone size-full wp-image-492 alignleft\" src=\"https:\/\/nantes-plongee.com\/wp-content\/uploads\/2016\/10\/bassin11.jpg\" alt=\"\" width=\"160\" height=\"89\" \/><\/a>D\u00e9couverte initiation(\u00e0 partir de 12 ans):<\/span><br \/>\nD\u00e9couvrir de nouvelles sensations d&rsquo;\u00e9quilibre et de respiration lors de cette premi\u00e8re incursion sous-marine en milieu naturel.<\/p>\n<p><span style=\"text-decoration: underline;\"><br \/>\nUne demi journ\u00e9e en milieu naturel incluant:<\/span><\/p>\n<p>&#8211; Cours en salle, briefing sur site( milieu naturel), apprentissage des premiers gestes, d\u00e9placement, adaptation de la respiration et de la flottabilit\u00e9<br \/>\n&#8211; Cette s\u00e9ance d&rsquo;initiation correspondant au premier module de formation niveau 1 ou open water<br \/>\n&#8211; L&rsquo;\u00e9quipement complet tr\u00e8s r\u00e9cent<\/p>\n<p>&#8211; RDV \u00e0 15h au centre de plong\u00e9e <a href=\"http:\/\/ducotederoussay.com\" target=\"_blank\" rel=\"noopener\">Du cot\u00e9 de Roussay<\/a>\u00a0(uniquement l&rsquo;\u00e9t\u00e9 pour les moins de 12 ans).<\/p>\n<p>A l&rsquo;issue de la s\u00e9ance, un dipl\u00f4me vous sera d\u00e9livr\u00e9 .<\/p>\n<p style=\"text-align: right;\"><span style=\"color: #ff0000;\"><span style=\"color: #3366ff;\">Tarif : 80 \u20ac<br \/>\n<\/span>\u00a0<\/span><\/p>\n<p style=\"text-align: left;\"><form method=\"post\" id=\"cntctfrm_contact_form\" class=\"cntctfrm_contact_form cntctfrm_one_column cntctfrm_ltr cntctfrm_width_default\" action=\"\/index.php\/wp-json\/wp\/v2\/pages\/124#cntctfrm_contact_form\" enctype=\"multipart\/form-data\"><div id=\"cntctfrm_first_column\" class=\"cntctfrm_column\"><div class=\"cntctfrm_field_wrap cntctfrm_field_name_wrap\"namecontact><div class=\"cntctfrm_label cntctfrm_label_name\">\n\t\t\t\t\t\t\t\t\t<label for=\"cntctfrm_contact_name\">Nom: <span class=\"required\">*<\/span><\/label><\/div><div class=\"cntctfrm_input cntctfrm_input_name\">\n\t\t\t\t\t\t\t\t\t<input namecontact class=\"text\" type=\"text\" size=\"40\" pattern=\"^([\\p{L}\\p{M}]{2,}(\\s)*(\\p{L}+\\p{M}*-*){1,})|([\\p{L}\\p{M}]{3,})\" title=\"Veuillez saisir uniquement des lettres d'au moins 3 caract\u00e8res, les mots \u00e9tant s\u00e9par\u00e9s par des espaces\" value=\"\" name=\"cntctfrm_contact_name\" id=\"cntctfrm_contact_name\" \/><\/div><\/div><div class=\"cntctfrm_field_wrap cntctfrm_field_email_wrap\"email><div class=\"cntctfrm_label cntctfrm_label_email\">\n\t\t\t\t\t\t\t\t\t<label for=\"cntctfrm_contact_email\">Adresse e-mail: <span class=\"required\">*<\/span><\/label>\n\t\t\t\t\t\t\t\t<\/div><div class=\"cntctfrm_input cntctfrm_input_email\">\n\t\t\t\t\t\t\t\t\t<input email class=\"text\" type=\"email\" size=\"40\" value=\"\" name=\"cntctfrm_contact_email\" id=\"cntctfrm_contact_email\" \/><\/div><\/div><div class=\"cntctfrm_field_wrap cntctfrm_field_phone_wrap\"><div class=\"cntctfrm_label cntctfrm_label_phone\">\n\t\t\t\t\t\t\t\t\t\t<label for=\"cntctfrm_contact_phone\">T\u00e9l\u00e9phone:<\/label>\n\t\t\t\t\t\t\t\t\t<\/div><div class=\"cntctfrm_input cntctfrm_input_phone\">\n\t\t\t\t\t\t\t\t\t<input class=\"text\" type=\"text\" size=\"40\" value=\"\" pattern=\"[0-9]{6,}\" title=\"Veuillez saisir uniquement des chiffres d'au moins 6 caract\u00e8res\" name=\"cntctfrm_contact_phone\" id=\"cntctfrm_contact_phone\" \/><\/div><\/div><div class=\"cntctfrm_field_wrap cntctfrm_field_subject_wrap\"subject><div class=\"cntctfrm_label cntctfrm_label_subject\">\n\t\t\t\t\t\t\t\t\t<label for=\"cntctfrm_contact_subject\">Sujet: <span class=\"required\">*<\/span><\/label>\n\t\t\t\t\t\t\t\t<\/div><div class=\"cntctfrm_input cntctfrm_input_subject\">\n\t\t\t\t\t\t\t\t<input subject pattern=\"^([\\p{M}\\p{L}]{1,}(\\s\\p{M}*\\p{L}+-*)*){3,}\" title=\"Veuillez saisir uniquement des lettres d'au moins 3 caract\u00e8res, les mots \u00e9tant s\u00e9par\u00e9s par des espaces\" class=\"text\" type=\"text\" size=\"40\" value=\"\" name=\"cntctfrm_contact_subject\" id=\"cntctfrm_contact_subject\" \/><\/div><\/div><div class=\"cntctfrm_field_wrap cntctfrm_field_message_wrap\"message><div class=\"cntctfrm_label cntctfrm_label_message\">\n\t\t\t\t\t\t\t\t<label for=\"cntctfrm_contact_message\">Message: <span class=\"required\">*<\/span><\/label>\n\t\t\t\t\t\t\t<\/div><div class=\"cntctfrm_input cntctfrm_input_message\">\n\t\t\t\t\t\t\t\t<textarea message rows=\"5\" cols=\"30\"name=\"cntctfrm_contact_message\" id=\"cntctfrm_contact_message\"><\/textarea><\/div><\/div><div class=\"cntctfrm_field_wrap cntctfrm_field_attachment_wrap\"><div class=\"cntctfrm_label cntctfrm_label_attachment\">\n\t\t\t\t\t\t\t\t\t\t<label for=\"cntctfrm_contact_attachment\">Pi\u00e8ce jointe:<\/label>\n\t\t\t\t\t\t\t\t\t<\/div><div class=\"cntctfrm_input cntctfrm_input_attachment\"> \n\t\t\t\t\t\t\t\t\t\t<input type=\"file\" name=\"cntctfrm_contact_attachment\" id=\"cntctfrm_contact_attachment\" \/><\/div><\/div><\/div><div class=\"clear\"><\/div><div class=\"cntctfrm_submit_wrap\"><div id=\"cntctfrm_submit_first_column\" class=\"cntctfrm_column\"><div class=\"cntctfrm_input cntctfrm_input_submit\"><input type=\"hidden\" value=\"send\" name=\"cntctfrm_contact_action\">\n\t\t\t\t\t\t\t<input type=\"hidden\" value=\"default\" name=\"cntctfrm_language\">\n\t\t\t\t\t\t\t<input type=\"hidden\" value=\"1\" name=\"cntctfrm_form_submited\">\n\t\t\t\t\t\t\t<input type=\"hidden\" value=\"cntctfrm_options\" name=\"cntctfrm_options_name\">\n\t\t\t\t\t\t\t<input type=\"submit\" value=\"Envoyer\" class=\"cntctfrm_contact_submit\" \/>\n\t\t\t\t\t\t<\/div><\/div><div id=\"cntctfrm_submit_second_column\" class=\"cntctfrm_column\"><\/div><div class=\"clear\"><\/div>\n\t\t\t<\/div>\n\t\t\t<\/form><\/p>\n<p><a href=\"http:\/\/127.0.0.1:4001\/wordpress\/wp-content\/uploads\/2016\/11\/logo1.jpg\"><img loading=\"lazy\" decoding=\"async\" class=\" size-medium wp-image-316 alignright\" src=\"http:\/\/127.0.0.1:4001\/wordpress\/wp-content\/uploads\/2016\/11\/logo1-300x70.jpg\" alt=\"logo1\" width=\"300\" height=\"70\" \/><\/a><\/p>\n","protected":false},"excerpt":{"rendered":"<p>D\u00e9couverte initiation(\u00e0 partir de 12 ans): D\u00e9couvrir de nouvelles sensations d&rsquo;\u00e9quilibre et de respiration lors de cette premi\u00e8re incursion sous-marine en milieu naturel. Une demi journ\u00e9e en milieu naturel incluant: &#8211; Cours en salle, briefing sur site( milieu naturel), apprentissage des premiers gestes, d\u00e9placement, adaptation de la respiration et de la flottabilit\u00e9 &#8211; Cette s\u00e9ance\u2026 <span class=\"read-more\"><a href=\"https:\/\/nantes-plongee.com\/index.php\/formations\/bapteme\/\">Read More &raquo;<\/a><\/span><\/p>\n","protected":false},"author":1,"featured_media":0,"parent":26,"menu_order":1,"comment_status":"closed","ping_status":"closed","template":"","meta":{"footnotes":""},"class_list":["post-124","page","type-page","status-publish","hentry"],"_links":{"self":[{"href":"https:\/\/nantes-plongee.com\/index.php\/wp-json\/wp\/v2\/pages\/124","targetHints":{"allow":["GET"]}}],"collection":[{"href":"https:\/\/nantes-plongee.com\/index.php\/wp-json\/wp\/v2\/pages"}],"about":[{"href":"https:\/\/nantes-plongee.com\/index.php\/wp-json\/wp\/v2\/types\/page"}],"author":[{"embeddable":true,"href":"https:\/\/nantes-plongee.com\/index.php\/wp-json\/wp\/v2\/users\/1"}],"replies":[{"embeddable":true,"href":"https:\/\/nantes-plongee.com\/index.php\/wp-json\/wp\/v2\/comments?post=124"}],"version-history":[{"count":7,"href":"https:\/\/nantes-plongee.com\/index.php\/wp-json\/wp\/v2\/pages\/124\/revisions"}],"predecessor-version":[{"id":717,"href":"https:\/\/nantes-plongee.com\/index.php\/wp-json\/wp\/v2\/pages\/124\/revisions\/717"}],"up":[{"embeddable":true,"href":"https:\/\/nantes-plongee.com\/index.php\/wp-json\/wp\/v2\/pages\/26"}],"wp:attachment":[{"href":"https:\/\/nantes-plongee.com\/index.php\/wp-json\/wp\/v2\/media?parent=124"}],"curies":[{"name":"wp","href":"https:\/\/api.w.org\/{rel}","templated":true}]}}